{"id":253,"date":"2020-02-07T17:07:31","date_gmt":"2020-02-07T16:07:31","guid":{"rendered":"http:\/\/www.weigel-messgeraete.de\/en\/unternehmen-copy\/"},"modified":"2025-02-20T14:28:09","modified_gmt":"2025-02-20T13:28:09","slug":"kontakt","status":"publish","type":"page","link":"https:\/\/www.weigel-messgeraete.de\/en\/kontakt\/","title":{"rendered":"Kontakt"},"content":{"rendered":"<div id='av-layout-grid-1'  class='av-layout-grid-container entry-content-wrapper main_color av-flex-cells     avia-builder-el-0  el_before_av_one_third  avia-builder-el-first  container_wrap fullsize' style=' '  >\n<div class=\"flex_cell no_margin av_one_full  avia-builder-el-1  avia-builder-el-no-sibling   av-zero-padding \"  style='vertical-align:top; padding:0; ' ><div class='flex_cell_inner' >\n<\/div><\/div>\n<\/div><div id='after_submenu_1'  class='main_color av_default_container_wrap container_wrap fullsize' style=' '  ><div class='container' ><div class='template-page content  av-content-full alpha units'><div class='post-entry post-entry-type-page post-entry-253'><div class='entry-content-wrapper clearfix'>\n<div class=\"flex_column av_one_third  flex_column_div av-zero-column-padding first  avia-builder-el-3  el_after_av_layout_row  el_before_av_one_third  avia-builder-el-first  \" style='border-radius:0px; '><section class=\"av_textblock_section \"  itemscope=\"itemscope\" itemtype=\"https:\/\/schema.org\/CreativeWork\" ><div class='avia_textblock  '   itemprop=\"text\" ><div class=\"kontakt-text\">\n<h3>Weigel Me\u00dfger\u00e4te GmbH<\/h3>\n<p>Am Farrnbach 4a<\/p>\n<p>D \u2013 90556 Cadolzburg<\/p>\n<p>Phone: <a href=\"tel:004999103626940\">+49 (9103) 62694-0<\/a><\/p>\n<p>Fax: +49 (9103) 62694-0<\/p>\n<p>Mail: <a href=\"mailto:info@weigel-messgeraete.de\">info@weigel-messgeraete.de<\/a><\/p>\n<p>Website: <a href=\"https:\/\/www.weigel-messgeraete.de\" target=\"_blank\" rel=\"noopener\">www.weigel-messgeraete.de<\/a><\/p>\n<p><a href=\"https:\/\/maps.app.goo.gl\/diMsibU5eRc2s2zr7\" target=\"_blank\" rel=\"noopener\">Google Maps<\/a><\/p>\n<\/div>\n<\/div><\/section><\/div><div class=\"flex_column av_one_third  flex_column_div av-zero-column-padding   avia-builder-el-5  el_after_av_one_third  avia-builder-el-last  \" style='border-radius:0px; '><section class=\"av_textblock_section \"  itemscope=\"itemscope\" itemtype=\"https:\/\/schema.org\/CreativeWork\" ><div class='avia_textblock  '   itemprop=\"text\" ><div class=\"kontakt-text\">\n<div class=\"kontakt-text\">\n<h3>Vertrieb<\/h3>\n<p>Phone: +49 (9103) 62694-0<\/p>\n<p>Fax: +49 (9103) 62694-39<\/p>\n<p>Mail: <a href=\"mailto:vertrieb@weigel-messgeraete.de\">vertrieb@weigel-messgeraete.de<\/a><\/p>\n<p>Website: <a href=\"https:\/\/www.weigel-messgeraete.de\" target=\"_blank\" rel=\"noopener\">www.weigel-messgeraete.de<\/a><\/p>\n<\/div>\n<\/div>\n<\/div><\/section><\/div><\/p>\n","protected":false},"excerpt":{"rendered":"","protected":false},"author":1,"featured_media":0,"parent":0,"menu_order":0,"comment_status":"closed","ping_status":"closed","template":"","meta":{"footnotes":""},"class_list":["post-253","page","type-page","status-publish","hentry"],"yoast_head":"<!-- This site is optimized with the Yoast SEO plugin v25.6 - https:\/\/yoast.com\/wordpress\/plugins\/seo\/ -->\n<title>Weigel Me\u00dfger\u00e4te, contacts<\/title>\n<meta name=\"description\" content=\"Weigel Me\u00dfger\u00e4te GmbH, Cadolzburg. We are located in Cadolzburg, Am Farrnbach 4a. Please contact us via phone 0049-9103-62694-0 or E-Mail info@weigel-messgeraete.de. We\u2019re looking forward to your request.\" \/>\n<meta name=\"robots\" content=\"index, follow, max-snippet:-1, max-image-preview:large, max-video-preview:-1\" \/>\n<link rel=\"canonical\" href=\"https:\/\/www.weigel-messgeraete.de\/en\/kontakt\/\" \/>\n<meta property=\"og:locale\" content=\"en_US\" \/>\n<meta property=\"og:type\" content=\"article\" \/>\n<meta property=\"og:title\" content=\"Weigel Me\u00dfger\u00e4te, contacts\" \/>\n<meta property=\"og:description\" content=\"Weigel Me\u00dfger\u00e4te GmbH, Cadolzburg. We are located in Cadolzburg, Am Farrnbach 4a. Please contact us via phone 0049-9103-62694-0 or E-Mail info@weigel-messgeraete.de. We\u2019re looking forward to your request.\" \/>\n<meta property=\"og:url\" content=\"https:\/\/www.weigel-messgeraete.de\/en\/kontakt\/\" \/>\n<meta property=\"og:site_name\" content=\"EN\" \/>\n<meta property=\"article:modified_time\" content=\"2025-02-20T13:28:09+00:00\" \/>\n<meta name=\"twitter:card\" content=\"summary_large_image\" \/>\n<meta name=\"twitter:label1\" content=\"Est. reading time\" \/>\n\t<meta name=\"twitter:data1\" content=\"1 minute\" \/>\n<script type=\"application\/ld+json\" class=\"yoast-schema-graph\">{\"@context\":\"https:\/\/schema.org\",\"@graph\":[{\"@type\":\"WebPage\",\"@id\":\"https:\/\/www.weigel-messgeraete.de\/en\/kontakt\/\",\"url\":\"https:\/\/www.weigel-messgeraete.de\/en\/kontakt\/\",\"name\":\"Weigel Me\u00dfger\u00e4te, contacts\",\"isPartOf\":{\"@id\":\"https:\/\/www.weigel-messgeraete.de\/en\/#website\"},\"datePublished\":\"2020-02-07T16:07:31+00:00\",\"dateModified\":\"2025-02-20T13:28:09+00:00\",\"description\":\"Weigel Me\u00dfger\u00e4te GmbH, Cadolzburg. We are located in Cadolzburg, Am Farrnbach 4a. Please contact us via phone 0049-9103-62694-0 or E-Mail info@weigel-messgeraete.de. We\u2019re looking forward to your request.\",\"breadcrumb\":{\"@id\":\"https:\/\/www.weigel-messgeraete.de\/en\/kontakt\/#breadcrumb\"},\"inLanguage\":\"en-US\",\"potentialAction\":[{\"@type\":\"ReadAction\",\"target\":[\"https:\/\/www.weigel-messgeraete.de\/en\/kontakt\/\"]}]},{\"@type\":\"BreadcrumbList\",\"@id\":\"https:\/\/www.weigel-messgeraete.de\/en\/kontakt\/#breadcrumb\",\"itemListElement\":[{\"@type\":\"ListItem\",\"position\":1,\"name\":\"Startseite\",\"item\":\"https:\/\/www.weigel-messgeraete.de\/en\/\"},{\"@type\":\"ListItem\",\"position\":2,\"name\":\"Kontakt\"}]},{\"@type\":\"WebSite\",\"@id\":\"https:\/\/www.weigel-messgeraete.de\/en\/#website\",\"url\":\"https:\/\/www.weigel-messgeraete.de\/en\/\",\"name\":\"EN\",\"description\":\"\",\"potentialAction\":[{\"@type\":\"SearchAction\",\"target\":{\"@type\":\"EntryPoint\",\"urlTemplate\":\"https:\/\/www.weigel-messgeraete.de\/en\/?s={search_term_string}\"},\"query-input\":{\"@type\":\"PropertyValueSpecification\",\"valueRequired\":true,\"valueName\":\"search_term_string\"}}],\"inLanguage\":\"en-US\"}]}<\/script>\n<!-- \/ Yoast SEO plugin. -->","yoast_head_json":{"title":"Weigel Me\u00dfger\u00e4te, contacts","description":"Weigel Me\u00dfger\u00e4te GmbH, Cadolzburg. We are located in Cadolzburg, Am Farrnbach 4a. Please contact us via phone 0049-9103-62694-0 or E-Mail info@weigel-messgeraete.de. We\u2019re looking forward to your request.","robots":{"index":"index","follow":"follow","max-snippet":"max-snippet:-1","max-image-preview":"max-image-preview:large","max-video-preview":"max-video-preview:-1"},"canonical":"https:\/\/www.weigel-messgeraete.de\/en\/kontakt\/","og_locale":"en_US","og_type":"article","og_title":"Weigel Me\u00dfger\u00e4te, contacts","og_description":"Weigel Me\u00dfger\u00e4te GmbH, Cadolzburg. We are located in Cadolzburg, Am Farrnbach 4a. Please contact us via phone 0049-9103-62694-0 or E-Mail info@weigel-messgeraete.de. We\u2019re looking forward to your request.","og_url":"https:\/\/www.weigel-messgeraete.de\/en\/kontakt\/","og_site_name":"EN","article_modified_time":"2025-02-20T13:28:09+00:00","twitter_card":"summary_large_image","twitter_misc":{"Est. reading time":"1 minute"},"schema":{"@context":"https:\/\/schema.org","@graph":[{"@type":"WebPage","@id":"https:\/\/www.weigel-messgeraete.de\/en\/kontakt\/","url":"https:\/\/www.weigel-messgeraete.de\/en\/kontakt\/","name":"Weigel Me\u00dfger\u00e4te, contacts","isPartOf":{"@id":"https:\/\/www.weigel-messgeraete.de\/en\/#website"},"datePublished":"2020-02-07T16:07:31+00:00","dateModified":"2025-02-20T13:28:09+00:00","description":"Weigel Me\u00dfger\u00e4te GmbH, Cadolzburg. We are located in Cadolzburg, Am Farrnbach 4a. Please contact us via phone 0049-9103-62694-0 or E-Mail info@weigel-messgeraete.de. We\u2019re looking forward to your request.","breadcrumb":{"@id":"https:\/\/www.weigel-messgeraete.de\/en\/kontakt\/#breadcrumb"},"inLanguage":"en-US","potentialAction":[{"@type":"ReadAction","target":["https:\/\/www.weigel-messgeraete.de\/en\/kontakt\/"]}]},{"@type":"BreadcrumbList","@id":"https:\/\/www.weigel-messgeraete.de\/en\/kontakt\/#breadcrumb","itemListElement":[{"@type":"ListItem","position":1,"name":"Startseite","item":"https:\/\/www.weigel-messgeraete.de\/en\/"},{"@type":"ListItem","position":2,"name":"Kontakt"}]},{"@type":"WebSite","@id":"https:\/\/www.weigel-messgeraete.de\/en\/#website","url":"https:\/\/www.weigel-messgeraete.de\/en\/","name":"EN","description":"","potentialAction":[{"@type":"SearchAction","target":{"@type":"EntryPoint","urlTemplate":"https:\/\/www.weigel-messgeraete.de\/en\/?s={search_term_string}"},"query-input":{"@type":"PropertyValueSpecification","valueRequired":true,"valueName":"search_term_string"}}],"inLanguage":"en-US"}]}},"_links":{"self":[{"href":"https:\/\/www.weigel-messgeraete.de\/en\/wp-json\/wp\/v2\/pages\/253","targetHints":{"allow":["GET"]}}],"collection":[{"href":"https:\/\/www.weigel-messgeraete.de\/en\/wp-json\/wp\/v2\/pages"}],"about":[{"href":"https:\/\/www.weigel-messgeraete.de\/en\/wp-json\/wp\/v2\/types\/page"}],"author":[{"embeddable":true,"href":"https:\/\/www.weigel-messgeraete.de\/en\/wp-json\/wp\/v2\/users\/1"}],"replies":[{"embeddable":true,"href":"https:\/\/www.weigel-messgeraete.de\/en\/wp-json\/wp\/v2\/comments?post=253"}],"version-history":[{"count":15,"href":"https:\/\/www.weigel-messgeraete.de\/en\/wp-json\/wp\/v2\/pages\/253\/revisions"}],"predecessor-version":[{"id":1456,"href":"https:\/\/www.weigel-messgeraete.de\/en\/wp-json\/wp\/v2\/pages\/253\/revisions\/1456"}],"wp:attachment":[{"href":"https:\/\/www.weigel-messgeraete.de\/en\/wp-json\/wp\/v2\/media?parent=253"}],"curies":[{"name":"wp","href":"https:\/\/api.w.org\/{rel}","templated":true}]}}