{"id":164,"date":"2020-02-07T14:12:40","date_gmt":"2020-02-07T13:12:40","guid":{"rendered":"http:\/\/www.weigel-messgeraete.de\/en\/?page_id=164"},"modified":"2020-02-21T12:13:20","modified_gmt":"2020-02-21T11:13:20","slug":"analoge-einbaumessgeraete","status":"publish","type":"page","link":"https:\/\/www.weigel-messgeraete.de\/en\/produkte\/analoge-einbaumessgeraete\/","title":{"rendered":"Analoge Einbaumessger\u00e4te"},"content":{"rendered":"<div id='av_section_1'  class='avia-section main_color avia-section-default avia-no-border-styling  avia-bg-style-scroll  avia-builder-el-0  el_before_av_hr  avia-builder-el-first   container_wrap fullsize' style='background-repeat: no-repeat; background-image: url(https:\/\/www.weigel-messgeraete.de\/en\/wp-content\/uploads\/sites\/2\/2020\/02\/HEADER_Produkte_01_AnalogeEinbauMG.jpg);background-attachment: scroll; background-position: center center;  '  data-section-bg-repeat='no-repeat'><div class='container' ><main  role=\"main\" itemprop=\"mainContentOfPage\"  class='template-page content  av-content-full alpha units'><div class='post-entry post-entry-type-page post-entry-164'><div class='entry-content-wrapper clearfix'>\n<div class=\"flex_column av_one_third  flex_column_div av-zero-column-padding first  avia-builder-el-1  avia-builder-el-no-sibling  \" style='border-radius:0px; '><div  class='avia-image-container  av-styling-    avia-builder-el-2  avia-builder-el-no-sibling  avia-align-center '  itemprop=\"image\" itemscope=\"itemscope\" itemtype=\"https:\/\/schema.org\/ImageObject\"  ><div class='avia-image-container-inner'><div class='avia-image-overlay-wrap'><img decoding=\"async\" class='wp-image-227 avia-img-lazy-loading-not-227 avia_image' src=\"https:\/\/www.weigel-messgeraete.de\/en\/wp-content\/uploads\/sites\/2\/2020\/02\/WEIGEL_WEB_Icons_Produkte_gross_01.png\" alt='' title='WEIGEL_WEB_Icons_Produkte_gross_01' height=\"350\" width=\"350\"  itemprop=\"thumbnailUrl\" srcset=\"https:\/\/www.weigel-messgeraete.de\/en\/wp-content\/uploads\/sites\/2\/2020\/02\/WEIGEL_WEB_Icons_Produkte_gross_01.png 350w, https:\/\/www.weigel-messgeraete.de\/en\/wp-content\/uploads\/sites\/2\/2020\/02\/WEIGEL_WEB_Icons_Produkte_gross_01-300x300.png 300w, https:\/\/www.weigel-messgeraete.de\/en\/wp-content\/uploads\/sites\/2\/2020\/02\/WEIGEL_WEB_Icons_Produkte_gross_01-80x80.png 80w, https:\/\/www.weigel-messgeraete.de\/en\/wp-content\/uploads\/sites\/2\/2020\/02\/WEIGEL_WEB_Icons_Produkte_gross_01-36x36.png 36w, https:\/\/www.weigel-messgeraete.de\/en\/wp-content\/uploads\/sites\/2\/2020\/02\/WEIGEL_WEB_Icons_Produkte_gross_01-180x180.png 180w\" sizes=\"(max-width: 350px) 100vw, 350px\" \/><\/div><\/div><\/div><\/div>\n<\/div><\/div><\/main><!-- close content main element --><\/div><\/div><div id='after_section_1'  class='main_color av_default_container_wrap container_wrap fullsize' style=' '  ><div class='container' ><div class='template-page content  av-content-full alpha units'><div class='post-entry post-entry-type-page post-entry-164'><div class='entry-content-wrapper clearfix'>\n<div  style='height:50px' class='hr hr-invisible   avia-builder-el-3  el_after_av_section  el_before_av_textblock  avia-builder-el-first '><span class='hr-inner ' ><span class='hr-inner-style'><\/span><\/span><\/div>\n<section class=\"av_textblock_section \"  itemscope=\"itemscope\" itemtype=\"https:\/\/schema.org\/CreativeWork\" ><div class='avia_textblock  '   itemprop=\"text\" ><h3>Analog Meters with changeable scales (K-series)<\/h3>\n<\/div><\/section>\n<section class=\"av_textblock_section \"  itemscope=\"itemscope\" itemtype=\"https:\/\/schema.org\/CreativeWork\" ><div class='avia_textblock  '   itemprop=\"text\" ><hr \/>\n<p>Product Guide <a href=\"http:\/\/www.weigel-messgeraete.de\/en\/wp-content\/uploads\/sites\/2\/2020\/02\/01-01-01_K-Series.pdf\"><i id=\"icon-1\" class=\"icon-pdf\"><\/i> Download Product Guide (Pdf)<\/a><\/p>\n<hr \/>\n<p>Switchable analog meters 90\u00b0-dial (NEW) &gt;&gt; EQ 72 SWT, EQ 96 SWT <a href=\"http:\/\/www.weigel-messgeraete.de\/en\/wp-content\/uploads\/sites\/2\/2020\/02\/EQ-SWT_e.pdf\" target=\"_blank\" rel=\"noopener\"><i id=\"icon-2\" class=\"icon-pdf\"><\/i> Download Data Sheet\u00a0(Pdf)<\/a><\/p>\n<hr \/>\n<p>moving-coil movement 90\u00b0-dial &gt;&gt; PQ 48 K , PQ 72 K , PQ 96 K , PQ 144 K <a href=\"http:\/\/www.weigel-messgeraete.de\/en\/wp-content\/uploads\/sites\/2\/2020\/02\/PQ-K_e.pdf\" target=\"_blank\" rel=\"noopener\"><i id=\"icon-3\" class=\"icon-pdf\"><\/i> Download Data Sheet (Pdf)<\/a><\/p>\n<hr \/>\n<p>moving-coil movement 240\u00b0-dial &gt;&gt; LSP 72 K , LSP 96 K , LSG 72 K , LSG 96 K <a href=\"http:\/\/www.weigel-messgeraete.de\/en\/wp-content\/uploads\/sites\/2\/2020\/02\/01-01-04_LSP-K_e.pdf\" target=\"_blank\" rel=\"noopener\"><i id=\"icon-4\" class=\"icon-pdf\"><\/i> Download Data Sheet (Pdf)<\/a><\/p>\n<hr \/>\n<p>moving-coil movement with rectifier 90\u00b0-dial &gt;&gt; VQ 48 K , VQ 72 K , VQ 96 K , VQ 144 K <a href=\"http:\/\/www.weigel-messgeraete.de\/en\/wp-content\/uploads\/sites\/2\/2020\/02\/01-01-05_VQ-K_e.pdf\" target=\"_blank\" rel=\"noopener\"><i id=\"icon-5\" class=\"icon-pdf\"><\/i> Download Data Sheet (Pdf)<\/a><\/p>\n<hr \/>\n<p>moving-iron movement 90\u00b0-dial &gt;&gt; EQ 48 K , EQ 72 K , EQ 96 K , EQ 144 K <a href=\"http:\/\/www.weigel-messgeraete.de\/en\/wp-content\/uploads\/sites\/2\/2020\/02\/01-01-06_EQ-K_e.pdf\" target=\"_blank\" rel=\"noopener\"><i id=\"icon-6\" class=\"icon-pdf\"><\/i> Download Data Sheet (Pdf)<\/a><\/p>\n<hr \/>\n<p>frequency meters 90\u00b0- or 240\u00b0-dial &gt;&gt; ZQ 72 K , ZQ 96 K , ZQ 144 K , LSZ 96 K <a href=\"http:\/\/www.weigel-messgeraete.de\/en\/wp-content\/uploads\/sites\/2\/2020\/02\/01-01-07_ZQ-K_e.pdf\" target=\"_blank\" rel=\"noopener\"><i id=\"icon-7\" class=\"icon-pdf\"><\/i> Download Data Sheet (Pdf)<\/a><\/p>\n<hr \/>\n<p>bimetallic\/ bimetallic and moving-iron movement 90\u00b0-dial &gt;&gt; BIQ 48 K , BIEQ 72 K , BIQ 72 K , BIEQ 96 K, BIQ 96 K <a href=\"http:\/\/www.weigel-messgeraete.de\/en\/wp-content\/uploads\/sites\/2\/2020\/02\/01-01-08_BIQ-K_e.pdf\" target=\"_blank\" rel=\"noopener\"><i id=\"icon-8\" class=\"icon-pdf\"><\/i> Download Data Sheet (Pdf)<\/a><\/p>\n<hr \/>\n<p>power factor meter electronic 90\u00b0- or 240\u00b0-dial &gt;&gt; CQ 96 K , CQ 144 K , LSC 96 K <a href=\"http:\/\/www.weigel-messgeraete.de\/en\/wp-content\/uploads\/sites\/2\/2020\/02\/01-01-09_CQ-K_e.pdf\" target=\"_blank\" rel=\"noopener\"><i id=\"icon-9\" class=\"icon-pdf\"><\/i> Download Data Sheet (Pdf)<\/a><\/p>\n<hr \/>\n<p>power meter electronic 90\u00b0- or 240\u00b0-dial &gt;&gt; LQ 96 K , LQ 144 K , LSL 96 K <a href=\"http:\/\/www.weigel-messgeraete.de\/en\/wp-content\/uploads\/sites\/2\/2020\/02\/01-01-10_LQ-K_e.pdf\" target=\"_blank\" rel=\"noopener\"><i id=\"icon-10\" class=\"icon-pdf\"><\/i> Download Data Sheet (Pdf)<\/a><\/p>\n<hr \/>\n<\/div><\/section>\n<div  style='height:50px' class='hr hr-invisible   avia-builder-el-6  el_after_av_textblock  el_before_av_textblock '><span class='hr-inner ' ><span class='hr-inner-style'><\/span><\/span><\/div>\n<section class=\"av_textblock_section \"  itemscope=\"itemscope\" itemtype=\"https:\/\/schema.org\/CreativeWork\" ><div class='avia_textblock  '   itemprop=\"text\" ><h3>M-series<\/h3>\n<\/div><\/section>\n<section class=\"av_textblock_section \"  itemscope=\"itemscope\" itemtype=\"https:\/\/schema.org\/CreativeWork\" ><div class='avia_textblock  '   itemprop=\"text\" ><hr \/>\n<p>Product Guide <a href=\"http:\/\/www.weigel-messgeraete.de\/en\/wp-content\/uploads\/sites\/2\/2020\/02\/01-02-01_General.pdf\"><i id=\"icon-11\" class=\"icon-pdf\"><\/i> Download Product Guide (Pdf)<\/a><\/p>\n<hr \/>\n<p>moving-coil movement 90\u00b0-dial &gt;&gt; PSQ 48 RS , PQ 72 RS , PQ 96 RS , PQ 144 RS <a href=\"http:\/\/www.weigel-messgeraete.de\/en\/wp-content\/uploads\/sites\/2\/2020\/02\/PSQ_e.pdf\"><i id=\"icon-12\" class=\"icon-pdf\"><\/i> Download Data Sheet (Pdf)<\/a><\/p>\n<hr \/>\n<p>with 2 moving-coil movements &gt;&gt; PQ 96 \/2S, PQ 144 \/2S\u00a0 <span style=\"color: #ff0000;\">&gt;&gt;\u00a0 in process<\/span><\/p>\n<hr \/>\n<p>moving-coil movement 240\u00b0-dial &gt;&gt; LSP 48 , LSP 72 , LSP 96 , LSP 144 <a href=\"http:\/\/www.weigel-messgeraete.de\/en\/wp-content\/uploads\/sites\/2\/2020\/02\/01-02-04_LSP_e.pdf\" target=\"_blank\" rel=\"noopener\"><i id=\"icon-13\" class=\"icon-pdf\"><\/i> Download Data Sheet (Pdf)<\/a><\/p>\n<hr \/>\n<p>moving-coil movement with rectifier 90\u00b0-dial &gt;&gt; GSQ 48 RS , GQ 72 RS , GQ 96 RS , GQ 144 RS <a href=\"http:\/\/www.weigel-messgeraete.de\/en\/wp-content\/uploads\/sites\/2\/2020\/02\/GSQ_e.pdf\"><i id=\"icon-14\" class=\"icon-pdf\"><\/i> Download Data Sheet (Pdf)<\/a><\/p>\n<hr \/>\n<p>moving-coil movement with rectifier 240\u00b0-diala &gt;&gt; LSG 48 , LSG 72 , LSG 96 , LSG 144 <a href=\"http:\/\/www.weigel-messgeraete.de\/en\/wp-content\/uploads\/sites\/2\/2020\/02\/01-02-06_LSG_e.pdf\" target=\"_blank\" rel=\"noopener\"><i id=\"icon-15\" class=\"icon-pdf\"><\/i> Download Data Sheet (Pdf)<\/a><\/p>\n<hr \/>\n<p>moving-iron movement 90\u00b0-dial &gt;&gt; WSQ 48 , WQ 72 RS , WQ 96 RS , WQ 144 RS <a href=\"http:\/\/www.weigel-messgeraete.de\/en\/wp-content\/uploads\/sites\/2\/2020\/02\/01-02-07_WSQ_e.pdf\" target=\"_blank\" rel=\"noopener\"><i id=\"icon-16\" class=\"icon-pdf\"><\/i> Download Data Sheet (Pdf)<\/a><\/p>\n<hr \/>\n<p>frequency indicator with vibrating reed movement &gt;&gt; FQ 48 , FQ 72 , FQ 96 , FQ 144 <a href=\"http:\/\/www.weigel-messgeraete.de\/en\/wp-content\/uploads\/sites\/2\/2020\/02\/FQ_e.pdf\"><i id=\"icon-17\" class=\"icon-pdf\"><\/i> Download Data Sheet (Pdf)<\/a><\/p>\n<hr \/>\n<p>bimetallic \/ bimetallic and moving-iron movement 90\u00b0-dial &gt;&gt; BI 144 , BIW 72 GD , BIW 96 GD , BIW 144 GD <a href=\"http:\/\/www.weigel-messgeraete.de\/en\/wp-content\/uploads\/sites\/2\/2020\/02\/BI_e.pdf\"><i id=\"icon-18\" class=\"icon-pdf\"><\/i> Download Data Sheet (Pdf)<\/a><\/p>\n<hr \/>\n<\/div><\/section>\n<div  style='height:50px' class='hr hr-invisible   avia-builder-el-9  el_after_av_textblock  el_before_av_textblock '><span class='hr-inner ' ><span class='hr-inner-style'><\/span><\/span><\/div>\n<section class=\"av_textblock_section \"  itemscope=\"itemscope\" itemtype=\"https:\/\/schema.org\/CreativeWork\" ><div class='avia_textblock  '   itemprop=\"text\" ><h3>Analog Meters for use in electrical engineering Systems<\/h3>\n<\/div><\/section>\n<section class=\"av_textblock_section \"  itemscope=\"itemscope\" itemtype=\"https:\/\/schema.org\/CreativeWork\" ><div class='avia_textblock  '   itemprop=\"text\" ><hr \/>\n<p>Product Guide <a href=\"http:\/\/www.weigel-messgeraete.de\/en\/wp-content\/uploads\/sites\/2\/2020\/02\/01-04-01_Energy.pdf\"><i id=\"icon-19\" class=\"icon-pdf\"><\/i> Download Product Guide (Pdf)<\/a><\/p>\n<hr \/>\n<p>null voltmeter moving-iron movement 90\u00b0-dial &gt;&gt; WQ 96 \/0S, WQ 144 \/0S <a href=\"http:\/\/www.weigel-messgeraete.de\/en\/wp-content\/uploads\/sites\/2\/2020\/02\/01-04-02_WQ_0S_e.pdf\" target=\"_blank\" rel=\"noopener\"><i id=\"icon-20\" class=\"icon-pdf\"><\/i> Download Data Sheet (Pdf)<\/a><\/p>\n<hr \/>\n<p>dual voltmeter with 2 moving-iron movements &gt;&gt; WQ 96 \/2S, WQ 144 \/2S <a href=\"http:\/\/www.weigel-messgeraete.de\/en\/wp-content\/uploads\/sites\/2\/2020\/02\/01-04-03_WQ-2S_e.pdf\" target=\"_blank\" rel=\"noopener\"><i id=\"icon-21\" class=\"icon-pdf\"><\/i> Download Data Sheet (Pdf)<\/a><\/p>\n<hr \/>\n<p>dual frequency indicator with vibrating reed movements &gt;&gt; FQ 96 \/2, FQ 144 \/2 <a href=\"http:\/\/www.weigel-messgeraete.de\/en\/wp-content\/uploads\/sites\/2\/2020\/02\/FQ2_e.pdf\"><i id=\"icon-22\" class=\"icon-pdf\"><\/i> Download Data Sheet (Pdf)<\/a><\/p>\n<hr \/>\n<p>elapsed time meters &gt;&gt; BWQ \u2026 , BGQ \u2026 , BW 35 , BG 35 <a href=\"http:\/\/www.weigel-messgeraete.de\/en\/wp-content\/uploads\/sites\/2\/2020\/02\/01-04-05_BWQ_e.pdf\" target=\"_blank\" rel=\"noopener\"><i id=\"icon-23\" class=\"icon-pdf\"><\/i> Download Data Sheet (Pdf)<\/a><\/p>\n<hr \/>\n<p>triple combination meters &gt;&gt; W 192 RnS , W 192 RhS , BI 192 RnS , BI 192 RhS , BIW 192 RnS , BIW 192 RhS <a href=\"http:\/\/www.weigel-messgeraete.de\/en\/wp-content\/uploads\/sites\/2\/2020\/02\/W192_e.pdf\"><i id=\"icon-24\" class=\"icon-pdf\"><\/i> Download Data Sheet (Pdf)<\/a><\/p>\n<hr \/>\n<p>synchronoscopes &gt;&gt; SY 96 S , SY 144 S <a href=\"http:\/\/www.weigel-messgeraete.de\/en\/wp-content\/uploads\/sites\/2\/2020\/02\/01-04-07_SY-S_e.pdf\" target=\"_blank\" rel=\"noopener\"><i id=\"icon-25\" class=\"icon-pdf\"><\/i> Download Data Sheet (Pdf)<\/a><\/p>\n<hr \/>\n<p>phase sequence indicator &gt;&gt; DFQ 96 <a href=\"http:\/\/www.weigel-messgeraete.de\/en\/wp-content\/uploads\/sites\/2\/2020\/02\/01-04-08_DFQ_e.pdf\" target=\"_blank\" rel=\"noopener\"><i id=\"icon-26\" class=\"icon-pdf\"><\/i> Download Data Sheet (Pdf)<\/a><\/p>\n<hr \/>\n<p>wall brackets &gt;&gt; WA 96 , WA 144 <a href=\"http:\/\/www.weigel-messgeraete.de\/en\/wp-content\/uploads\/sites\/2\/2020\/02\/01-04-09_WA_e.pdf\" target=\"_blank\" rel=\"noopener\"><i id=\"icon-27\" class=\"icon-pdf\"><\/i> Download Data Sheet (Pdf)<\/a><\/p>\n<hr \/>\n<p>moving-coil- \/ moving-iron movement meters clamping to DIN-rails &gt;&gt; W 35 , P 35 , <a href=\"http:\/\/www.weigel-messgeraete.de\/en\/wp-content\/uploads\/sites\/2\/2020\/02\/W35_e.pdf\"><i id=\"icon-28\" class=\"icon-pdf\"><\/i> Download Data Sheet (Pdf)<\/a><\/p>\n<hr \/>\n<\/div><\/section>\n<div  style='height:50px' class='hr hr-invisible   avia-builder-el-12  el_after_av_textblock  el_before_av_textblock '><span class='hr-inner ' ><span class='hr-inner-style'><\/span><\/span><\/div>\n<section class=\"av_textblock_section \"  itemscope=\"itemscope\" itemtype=\"https:\/\/schema.org\/CreativeWork\" ><div class='avia_textblock  '   itemprop=\"text\" ><h3>Analog Meters for process control applications<\/h3>\n<\/div><\/section>\n<section class=\"av_textblock_section \"  itemscope=\"itemscope\" itemtype=\"https:\/\/schema.org\/CreativeWork\" ><div class='avia_textblock  '   itemprop=\"text\" ><hr \/>\n<p>Product Guide <a href=\"http:\/\/www.weigel-messgeraete.de\/en\/wp-content\/uploads\/sites\/2\/2020\/02\/01-05-01_Process.pdf\"><i id=\"icon-29\" class=\"icon-pdf\"><\/i> Download Product Guide (Pdf)<\/a><\/p>\n<hr \/>\n<p>edgewise moving-coil movement &gt;&gt; P 48 PrS , P 72 PrS , P 96 PrS , P 144 PrS <a href=\"http:\/\/www.weigel-messgeraete.de\/en\/wp-content\/uploads\/sites\/2\/2020\/02\/P_PRS_e.pdf\"><i id=\"icon-30\" class=\"icon-pdf\"><\/i> Download Data Sheet (Pdf)<\/a><\/p>\n<hr \/>\n<p>slim edgewise moving-coil movement &gt;&gt; MP 48\u00d724 , MP 72\u00d724 , MP 96\u00d724 K , P 144\u00d736 <a href=\"http:\/\/www.weigel-messgeraete.de\/en\/wp-content\/uploads\/sites\/2\/2020\/02\/MP-K_e.pdf\"><i id=\"icon-31\" class=\"icon-pdf\"><\/i> Download Data Sheet (Pdf)<\/a><\/p>\n<hr \/>\n<p>edgewise moving-coil movement with rectifier &gt;&gt; G 48 PrS , G 72 PrS , G 96 PrS , G 144 PrS <a href=\"http:\/\/www.weigel-messgeraete.de\/en\/wp-content\/uploads\/sites\/2\/2020\/02\/G_PRS_e.pdf\"><i id=\"icon-32\" class=\"icon-pdf\"><\/i>_Download Data Sheet (Pdf)<\/a><\/p>\n<hr \/>\n<p>slim edgewise moving-coil movement with rectifier &gt;&gt; MG 48\u00d724 , MG 72\u00d724 , MG 96\u00d724 K , G 144\u00d736 <a href=\"http:\/\/www.weigel-messgeraete.de\/en\/wp-content\/uploads\/sites\/2\/2020\/02\/MG-K_e.pdf\"><i id=\"icon-33\" class=\"icon-pdf\"><\/i> Download Data Sheet (Pdf)<\/a><\/p>\n<hr \/>\n<p>dual moving-coil movements &gt;&gt; PQ 48 \/2 <a href=\"http:\/\/www.weigel-messgeraete.de\/en\/wp-content\/uploads\/sites\/2\/2020\/02\/PQ48_2_e.pdf\"><i id=\"icon-34\" class=\"icon-pdf\"><\/i> Download Data Sheet (Pdf)<\/a><\/p>\n<hr \/>\n<p>moving-coil movement arranged in a bridge circuit &gt;&gt; PBQ 72 , PBQ 96 , PBQ 144 , PB 72 PrS , PB 96 PrS , PB 144 PrS <a href=\"http:\/\/www.weigel-messgeraete.de\/en\/wp-content\/uploads\/sites\/2\/2020\/02\/PBQPB_e-1.pdf\" rel=\"\"><i id=\"icon-35\" class=\"icon-pdf\"><\/i> Download Data Sheet (Pdf)<\/a><\/p>\n<hr \/>\n<p>moving-coil movement for thermoelements &gt;&gt; PQ 72 RS , PQ 96 RS , PQ 144 RS , P 72 PrS , P 96 PrS , P 144 PrS <a href=\"http:\/\/www.weigel-messgeraete.de\/en\/wp-content\/uploads\/sites\/2\/2020\/02\/PQPTH_e.pdf\"><i id=\"icon-36\" class=\"icon-pdf\"><\/i> Download Data Sheet (Pdf)<\/a><\/p>\n<hr \/>\n<p>edgewise moving-iron movement &gt;&gt; W 72 PrS , W 96 PrS , W 144 PrS <a href=\"http:\/\/www.weigel-messgeraete.de\/en\/wp-content\/uploads\/sites\/2\/2020\/02\/W_PRS_e.pdf\"><i id=\"icon-37\" class=\"icon-pdf\"><\/i>_Download Data Sheet (Pdf)<\/a><\/p>\n<hr \/>\n<\/div><\/section>\n<div  style='height:50px' class='hr hr-invisible   avia-builder-el-15  el_after_av_textblock  el_before_av_textblock '><span class='hr-inner ' ><span class='hr-inner-style'><\/span><\/span><\/div>\n<section class=\"av_textblock_section \"  itemscope=\"itemscope\" itemtype=\"https:\/\/schema.org\/CreativeWork\" ><div class='avia_textblock  '   itemprop=\"text\" ><h3>limit controllers<\/h3>\n<\/div><\/section>\n<section class=\"av_textblock_section \"  itemscope=\"itemscope\" itemtype=\"https:\/\/schema.org\/CreativeWork\" ><div class='avia_textblock  '   itemprop=\"text\" ><hr \/>\n<p>Product Guide <a href=\"http:\/\/www.weigel-messgeraete.de\/en\/wp-content\/uploads\/sites\/2\/2020\/02\/01-06-01_Limitcontrollers.pdf\"><i id=\"icon-38\" class=\"icon-pdf\"><\/i> Download Product Guide (Pdf)<\/a><\/p>\n<hr \/>\n<p>with moving-coil or moving-iron movement &gt;&gt; RW 96 , RP 96 <a href=\"http:\/\/www.weigel-messgeraete.de\/en\/wp-content\/uploads\/sites\/2\/2020\/02\/RW_RP_e.pdf\" target=\"_blank\" rel=\"noopener\"><i id=\"icon-39\" class=\"icon-pdf\"><\/i> Download Data Sheet (Pdf)<\/a><\/p>\n<hr \/>\n<p>edgewise with moving-coil movement &gt;&gt; RP.. \/ RG.. \/ RPY.. \/ RX.. 96\u00d724 bzw. 96\u00d748 <a href=\"http:\/\/www.weigel-messgeraete.de\/en\/wp-content\/uploads\/sites\/2\/2020\/02\/01-06-03_RP_RG_e.pdf\" target=\"_blank\" rel=\"noopener\"><i id=\"icon-40\" class=\"icon-pdf\"><\/i> Download Data Sheet (Pdf)<\/a><\/p>\n<hr \/>\n<\/div><\/section>\n","protected":false},"excerpt":{"rendered":"","protected":false},"author":1,"featured_media":0,"parent":25,"menu_order":0,"comment_status":"closed","ping_status":"closed","template":"","meta":{"footnotes":""},"class_list":["post-164","page","type-page","status-publish","hentry"],"yoast_head":"<!-- This site is optimized with the Yoast SEO plugin v25.6 - https:\/\/yoast.com\/wordpress\/plugins\/seo\/ -->\n<title>Analog meters from Germany, Weigel Messtechnik<\/title>\n<meta name=\"description\" content=\"Weigel Messtechnik provides high-quality analog meters: analog meters with changeable scales K-series and M-series. Analog meters for railway applications and for use in electrical engineering systems.\" \/>\n<meta name=\"robots\" content=\"index, follow, max-snippet:-1, max-image-preview:large, max-video-preview:-1\" \/>\n<link rel=\"canonical\" href=\"https:\/\/www.weigel-messgeraete.de\/en\/produkte\/analoge-einbaumessgeraete\/\" \/>\n<meta property=\"og:locale\" content=\"en_US\" \/>\n<meta property=\"og:type\" content=\"article\" \/>\n<meta property=\"og:title\" content=\"Analog meters from Germany, Weigel Messtechnik\" \/>\n<meta property=\"og:description\" content=\"Weigel Messtechnik provides high-quality analog meters: analog meters with changeable scales K-series and M-series. Analog meters for railway applications and for use in electrical engineering systems.\" \/>\n<meta property=\"og:url\" content=\"https:\/\/www.weigel-messgeraete.de\/en\/produkte\/analoge-einbaumessgeraete\/\" \/>\n<meta property=\"og:site_name\" content=\"EN\" \/>\n<meta property=\"article:modified_time\" content=\"2020-02-21T11:13:20+00:00\" \/>\n<meta name=\"twitter:card\" content=\"summary_large_image\" \/>\n<meta name=\"twitter:label1\" content=\"Est. reading time\" \/>\n\t<meta name=\"twitter:data1\" content=\"8 minutes\" \/>\n<script type=\"application\/ld+json\" class=\"yoast-schema-graph\">{\"@context\":\"https:\/\/schema.org\",\"@graph\":[{\"@type\":\"WebPage\",\"@id\":\"https:\/\/www.weigel-messgeraete.de\/en\/produkte\/analoge-einbaumessgeraete\/\",\"url\":\"https:\/\/www.weigel-messgeraete.de\/en\/produkte\/analoge-einbaumessgeraete\/\",\"name\":\"Analog meters from Germany, Weigel Messtechnik\",\"isPartOf\":{\"@id\":\"https:\/\/www.weigel-messgeraete.de\/en\/#website\"},\"datePublished\":\"2020-02-07T13:12:40+00:00\",\"dateModified\":\"2020-02-21T11:13:20+00:00\",\"description\":\"Weigel Messtechnik provides high-quality analog meters: analog meters with changeable scales K-series and M-series. Analog meters for railway applications and for use in electrical engineering systems.\",\"breadcrumb\":{\"@id\":\"https:\/\/www.weigel-messgeraete.de\/en\/produkte\/analoge-einbaumessgeraete\/#breadcrumb\"},\"inLanguage\":\"en-US\",\"potentialAction\":[{\"@type\":\"ReadAction\",\"target\":[\"https:\/\/www.weigel-messgeraete.de\/en\/produkte\/analoge-einbaumessgeraete\/\"]}]},{\"@type\":\"BreadcrumbList\",\"@id\":\"https:\/\/www.weigel-messgeraete.de\/en\/produkte\/analoge-einbaumessgeraete\/#breadcrumb\",\"itemListElement\":[{\"@type\":\"ListItem\",\"position\":1,\"name\":\"Startseite\",\"item\":\"https:\/\/www.weigel-messgeraete.de\/en\/\"},{\"@type\":\"ListItem\",\"position\":2,\"name\":\"Produkte\",\"item\":\"https:\/\/www.weigel-messgeraete.de\/en\/produkte\/\"},{\"@type\":\"ListItem\",\"position\":3,\"name\":\"Analoge Einbaumessger\u00e4te\"}]},{\"@type\":\"WebSite\",\"@id\":\"https:\/\/www.weigel-messgeraete.de\/en\/#website\",\"url\":\"https:\/\/www.weigel-messgeraete.de\/en\/\",\"name\":\"EN\",\"description\":\"\",\"potentialAction\":[{\"@type\":\"SearchAction\",\"target\":{\"@type\":\"EntryPoint\",\"urlTemplate\":\"https:\/\/www.weigel-messgeraete.de\/en\/?s={search_term_string}\"},\"query-input\":{\"@type\":\"PropertyValueSpecification\",\"valueRequired\":true,\"valueName\":\"search_term_string\"}}],\"inLanguage\":\"en-US\"}]}<\/script>\n<!-- \/ Yoast SEO plugin. -->","yoast_head_json":{"title":"Analog meters from Germany, Weigel Messtechnik","description":"Weigel Messtechnik provides high-quality analog meters: analog meters with changeable scales K-series and M-series. Analog meters for railway applications and for use in electrical engineering systems.","robots":{"index":"index","follow":"follow","max-snippet":"max-snippet:-1","max-image-preview":"max-image-preview:large","max-video-preview":"max-video-preview:-1"},"canonical":"https:\/\/www.weigel-messgeraete.de\/en\/produkte\/analoge-einbaumessgeraete\/","og_locale":"en_US","og_type":"article","og_title":"Analog meters from Germany, Weigel Messtechnik","og_description":"Weigel Messtechnik provides high-quality analog meters: analog meters with changeable scales K-series and M-series. Analog meters for railway applications and for use in electrical engineering systems.","og_url":"https:\/\/www.weigel-messgeraete.de\/en\/produkte\/analoge-einbaumessgeraete\/","og_site_name":"EN","article_modified_time":"2020-02-21T11:13:20+00:00","twitter_card":"summary_large_image","twitter_misc":{"Est. reading time":"8 minutes"},"schema":{"@context":"https:\/\/schema.org","@graph":[{"@type":"WebPage","@id":"https:\/\/www.weigel-messgeraete.de\/en\/produkte\/analoge-einbaumessgeraete\/","url":"https:\/\/www.weigel-messgeraete.de\/en\/produkte\/analoge-einbaumessgeraete\/","name":"Analog meters from Germany, Weigel Messtechnik","isPartOf":{"@id":"https:\/\/www.weigel-messgeraete.de\/en\/#website"},"datePublished":"2020-02-07T13:12:40+00:00","dateModified":"2020-02-21T11:13:20+00:00","description":"Weigel Messtechnik provides high-quality analog meters: analog meters with changeable scales K-series and M-series. Analog meters for railway applications and for use in electrical engineering systems.","breadcrumb":{"@id":"https:\/\/www.weigel-messgeraete.de\/en\/produkte\/analoge-einbaumessgeraete\/#breadcrumb"},"inLanguage":"en-US","potentialAction":[{"@type":"ReadAction","target":["https:\/\/www.weigel-messgeraete.de\/en\/produkte\/analoge-einbaumessgeraete\/"]}]},{"@type":"BreadcrumbList","@id":"https:\/\/www.weigel-messgeraete.de\/en\/produkte\/analoge-einbaumessgeraete\/#breadcrumb","itemListElement":[{"@type":"ListItem","position":1,"name":"Startseite","item":"https:\/\/www.weigel-messgeraete.de\/en\/"},{"@type":"ListItem","position":2,"name":"Produkte","item":"https:\/\/www.weigel-messgeraete.de\/en\/produkte\/"},{"@type":"ListItem","position":3,"name":"Analoge Einbaumessger\u00e4te"}]},{"@type":"WebSite","@id":"https:\/\/www.weigel-messgeraete.de\/en\/#website","url":"https:\/\/www.weigel-messgeraete.de\/en\/","name":"EN","description":"","potentialAction":[{"@type":"SearchAction","target":{"@type":"EntryPoint","urlTemplate":"https:\/\/www.weigel-messgeraete.de\/en\/?s={search_term_string}"},"query-input":{"@type":"PropertyValueSpecification","valueRequired":true,"valueName":"search_term_string"}}],"inLanguage":"en-US"}]}},"_links":{"self":[{"href":"https:\/\/www.weigel-messgeraete.de\/en\/wp-json\/wp\/v2\/pages\/164","targetHints":{"allow":["GET"]}}],"collection":[{"href":"https:\/\/www.weigel-messgeraete.de\/en\/wp-json\/wp\/v2\/pages"}],"about":[{"href":"https:\/\/www.weigel-messgeraete.de\/en\/wp-json\/wp\/v2\/types\/page"}],"author":[{"embeddable":true,"href":"https:\/\/www.weigel-messgeraete.de\/en\/wp-json\/wp\/v2\/users\/1"}],"replies":[{"embeddable":true,"href":"https:\/\/www.weigel-messgeraete.de\/en\/wp-json\/wp\/v2\/comments?post=164"}],"version-history":[{"count":23,"href":"https:\/\/www.weigel-messgeraete.de\/en\/wp-json\/wp\/v2\/pages\/164\/revisions"}],"predecessor-version":[{"id":1307,"href":"https:\/\/www.weigel-messgeraete.de\/en\/wp-json\/wp\/v2\/pages\/164\/revisions\/1307"}],"up":[{"embeddable":true,"href":"https:\/\/www.weigel-messgeraete.de\/en\/wp-json\/wp\/v2\/pages\/25"}],"wp:attachment":[{"href":"https:\/\/www.weigel-messgeraete.de\/en\/wp-json\/wp\/v2\/media?parent=164"}],"curies":[{"name":"wp","href":"https:\/\/api.w.org\/{rel}","templated":true}]}}